{"id":1542,"date":"2018-05-24T20:06:46","date_gmt":"2018-05-24T18:06:46","guid":{"rendered":"https:\/\/www.3s-p.de\/?page_id=1542"},"modified":"2021-09-17T13:06:22","modified_gmt":"2021-09-17T11:06:22","slug":"datenschutzinformationen-fuer-die-nutzung-der-website-www-3s-p-de","status":"publish","type":"page","link":"https:\/\/www.3s-p.de\/en\/datenschutzinformationen-fuer-die-nutzung-der-website-www-3s-p-de\/","title":{"rendered":"Datenschutzinformationen f\u00fcr die Nutzung der Website www.3s-p.de"},"content":{"rendered":"<div class=\"wpb-content-wrapper\"><p>[vc_row][vc_column][vc_single_image image=&#8221;273&#8243; img_size=&#8221;full&#8221; el_class=&#8221;impressum_bild&#8221;][\/vc_column][\/vc_row][vc_row el_class=&#8221;impressum&#8221;][vc_column width=&#8221;1\/4&#8243; el_class=&#8221;spalte_impressum1&#8243;][\/vc_column][vc_column width=&#8221;3\/4&#8243; el_class=&#8221;spalte_impressum2&#8243;][vc_column_text]<\/p>\n<h2>Datenschutzinformationen f\u00fcr die Nutzung der Website www.3s-p.de<\/h2>\n<p><strong>1. Name und Kontaktdaten des f\u00fcr die Verarbeitung Verantwortlichen sowie des betrieblichen Datenschutzbeauftragten<\/strong><br \/>\nDiese Datenschutzinformationen gelten f\u00fcr die Datenverarbeitung durch:<br \/>\nSpie\u00df Schumacher Schmieg &amp; Partner Rechtsanw\u00e4lte mbB<br \/>\n(Verantwortlicher i. S .d. \u201eDatenschutz-Grundverordnung\u201c (DSGVO),<br \/>\nim Folgenden \u201eSpie\u00df Schumacher Schmieg &amp; Partner\u201c bzw. \u201ewir\u201c)<br \/>\nM\u00e4rkisches Ufer 34<br \/>\n10179 Berlin<br \/>\nTelefon: +49 (0)30 440 133 00<br \/>\nTelefax: +49 (0)30 440 101 44<br \/>\nE-Mail: &#107;a&#x6e;z&#x6c;e&#x69;&#64;&#x33;s&#x2d;p&#x2e;&#100;&#x65;<br \/>\nDer betriebliche Datenschutzbeauftragte von Spie\u00df Schumacher Schmieg &amp; Partner ist Herr <b>G\u00fcnther Banholzer<\/b>, erreichbar unter der Anschrift: Philosoft UG (haftungsbeschr\u00e4nkt), z. Hd. Herrn G\u00fcnther Banholzer, Widenmayerstr. 24, 80538 M\u00fcnchen sowie per E-Mail unter <a href=\"&#109;&#x61;&#105;&#x6c;&#116;&#x6f;&#58;&#x67;&#117;&#x65;&#110;&#x74;&#104;&#x65;&#114;&#x2e;&#98;&#x61;&#110;&#x68;&#111;&#x6c;&#122;&#x65;&#114;&#x40;p&#x68;i&#x6c;o&#x73;o&#x66;t&#x2e;d&#x65;\" rel=\"noreferrer\">&#x67;&#117;e&#x6e;&#116;h&#x65;&#114;&#46;&#x62;&#x61;&#110;&#x68;&#x6f;&#108;z&#x65;&#114;&#64;&#x70;&#104;i&#x6c;&#x6f;&#115;&#x6f;&#x66;&#116;&#46;&#x64;&#101;<\/a> und telefonisch unter 089 \/ 923344-33.<\/p>\n<p><strong>2. Erhebung und Speicherung personenbezogener Daten sowie Art und Zweck ihrer Verwendung<\/strong><br \/>\na. Beim Besuch der Website<br \/>\nBeim Aufrufen unserer Website www.3s-p.de werden durch den auf Ihrem Endger\u00e4t zum Einsatz kommenden Browser automatisch Informationen an den Server unserer Website gesendet. Diese Informationen werden tempor\u00e4r in einem so genannten \u201eLogfile\u201c gespeichert. Dabei werden folgende Informationen erfasst und bis zur automatisierten L\u00f6schung gespeichert:<br \/>\n&#8211; IP-Adresse des anfragenden Endger\u00e4ts,<br \/>\n&#8211; Datum und Uhrzeit des Zugriffs,<br \/>\n&#8211; Name und URL der abgerufenen Datei,<br \/>\n&#8211; Website, von der aus auf unsere Website zugegriffen wird (Referrer-URL),<br \/>\n&#8211; verwendeter Browser und ggf. das Betriebssystem Ihres Endger\u00e4ts sowie der Name Ihres Access-Providers.<br \/>\nDie vorgenannten Daten werden zu folgenden Zwecken verarbeitet:<br \/>\n&#8211; Gew\u00e4hrleistung eines reibungslosen Verbindungsaufbaus der Website,<br \/>\n&#8211; Gew\u00e4hrleistung einer komfortablen Nutzung unserer Website,<br \/>\n&#8211; Auswertung der Systemsicherheit und -stabilit\u00e4t sowie<br \/>\n&#8211; zu weiteren administrativen Zwecken im Zusammenhang mit dem Betrieb und der Nutzung unserer Website.<br \/>\nRechtsgrundlage f\u00fcr die Datenverarbeitung in dieser Form ist Art. 6 Abs. 1 S. 1 lit. f DSGVO. Unser berechtigtes Interesse folgt insofern aus den vorstehend aufgelisteten Zwecken zur Datenerhebung. In keinem Fall verwenden wir die erhobenen Daten zu dem Zweck, R\u00fcckschl\u00fcsse auf Ihre Person zu ziehen.<br \/>\nDar\u00fcber hinaus setzen wir beim Besuch unserer Website gegebenenfalls Cookies ein. N\u00e4here Erl\u00e4uterungen dazu finden Sie unter den Ziffer 4 dieser Datenschutzinformationen.<\/p>\n<p>b. Bei Nutzung unseres Kontaktformulars<br \/>\nWir bieten Ihnen die M\u00f6glichkeit, uns \u00fcber ein auf der Website bereitgestelltes Formular zu kontaktieren. Dabei ist die Angabe Ihres Namens und einer g\u00fcltigen \u2013 Ihnen geh\u00f6renden &#8211; E-Mail-Adresse erforderlich, damit wir wissen, von wem die Anfrage stammt, und um diese beantworten zu k\u00f6nnen. Weitere Angaben sind freiwillig.<br \/>\nDie Datenverarbeitung anl\u00e4sslich und im Zusammenhang mit der Kontaktaufnahme durch Sie erfolgt gem. Art. 6 Abs. 1 S. 1 lit. a DSGVO auf Grundlage Ihrer freiwillig erteilten Einwilligung.<br \/>\nDie von uns infolge der Benutzung des Kontaktformulars erhobenen personenbezogenen Daten werden nach Erledigung der von Ihnen gestellten Anfrage gel\u00f6scht, soweit dem keine etwaigen gesetzlichen Aufbewahrungspflichten entgegenstehen. Sofern infolge Ihrer Anfrage \u00fcber das Kontaktformular ein Mandatsverh\u00e4ltnis zu uns zustande kommt, erfolgt die weitere Verarbeitung der betreffenden Daten im Rahmen des Mandatsverh\u00e4ltnisses gem\u00e4\u00df unserer hierf\u00fcr geltenden, Ihnen bei Begr\u00fcndung des Mandatsverh\u00e4ltnisses zur Kenntnis gebrachten Informationen zur Datenverarbeitung.<\/p>\n<p><strong>3. Weitergabe von Daten<\/strong><br \/>\nEine \u00dcbermittlung Ihrer pers\u00f6nlichen Daten an Dritte zu anderen als den im Folgenden aufgef\u00fchrten Zwecken findet nicht statt.<br \/>\nWir geben Ihre pers\u00f6nlichen Daten nur an Dritte weiter, wenn:<br \/>\n&#8211; Sie Ihre nach Art. 6 Abs. 1 S. 1 lit. a DSGVO ausdr\u00fcckliche Einwilligung dazu erteilt haben,<br \/>\n&#8211; dies nach Art. 6 Abs. 1 S. 1 lit. b DSGVO f\u00fcr die Abwicklung von Vertragsverh\u00e4ltnissen mit Ihnen erforderlich und gesetzlich zul\u00e4ssig ist,<br \/>\n&#8211; gem. Art. 6 Abs. 1 S. 1 lit. c DSGVO eine gesetzliche Verpflichtung zur Weitergabe besteht oder<br \/>\n&#8211; die Weitergabe nach Art. 6 Abs. 1 S. 1 lit. f DSGVO zur Geltendmachung, Aus\u00fcbung oder Verteidigung von Rechten erforderlich ist und kein Grund zu der Annahme besteht, dass Sie im betreffenden Fall ein \u00fcberwiegendes schutzw\u00fcrdiges Interesse an der Nichtweitergabe Ihrer Daten haben.<\/p>\n<p><strong>4. Cookies<\/strong><br \/>\nBei Cookies handelt es sich um kleine Dateien, die Ihr Browser automatisch erstellt und die auf Ihrem Endger\u00e4t (Laptop, Tablet, Smartphone o.\u00e4.) gespeichert werden, wenn Sie unsere Seite besuchen. Cookies richten auf Ihrem Endger\u00e4t keinen Schaden an, enthalten keine Viren, Trojaner oder sonstige Schadsoftware.<br \/>\nIn dem Cookie werden Informationen abgelegt, die sich jeweils im Zusammenhang mit dem spezifisch eingesetzten Endger\u00e4t ergeben. Dies bedeutet jedoch nicht, dass wir dadurch unmittelbar Kenntnis von Ihrer Identit\u00e4t erhalten.<br \/>\nDer Einsatz von Cookies auf unserer Seite dient dazu, die Nutzung unseres Angebots f\u00fcr Sie angenehmer zu gestalten. So setzen wir sogenannte Session-Cookies ein, um zu erkennen, dass Sie einzelne Seiten unserer Website bereits besucht haben. Diese werden nach Verlassen unserer Seite automatisch gel\u00f6scht. Dar\u00fcber hinaus setzen wir gegebenenfalls auch tempor\u00e4re Cookies zur Optimierung der Benutzerfreundlichkeit ein, die f\u00fcr einen bestimmten festgelegten Zeitraum auf Ihrem Endger\u00e4t gespeichert werden. Besuchen Sie unsere Seite erneut, um unsere Dienste in Anspruch zu nehmen, wird anhand eines solchen Cookies automatisch erkannt, dass Sie bereits bei uns waren und welche Eingaben und Einstellungen Sie bei Ihrem vorausgegangenen Besuch (gegebenenfalls) get\u00e4tigt haben, damit diese nicht noch einmal von Ihnen eingeben werden m\u00fcssen.<br \/>\nDie unter Verwendung derartiger Cookies erfolgende Datenverarbeitung ist f\u00fcr die genannten Zwecke zur Wahrung unserer berechtigten Interessen sowie der Dritter nach Art. 6 Abs. 1 S. 1 lit. f DSGVO erforderlich.<br \/>\nDie meisten Browser akzeptieren Cookies automatisch. Sie k\u00f6nnen Ihren Browser jedoch so konfigurieren, dass keine Cookies auf Ihrem Computer gespeichert werden oder stets ein Hinweis erscheint, bevor ein neuer Cookie angelegt wird. Die vollst\u00e4ndige Deaktivierung von Cookies kann jedoch dazu f\u00fchren, dass Sie nicht alle Funktionen unserer Website nutzen k\u00f6nnen und\/oder die Benutzerfreundlichkeit eingeschr\u00e4nkt ist.<\/p>\n<p><strong>5. Einbindung von Google Maps<\/strong><br \/>\nAuf unserer Website ist ein web-basierter Stadtplan mit der M\u00f6glichkeit zur Interaktion eingebunden, bei dem es sich um das Produkt \u201eGoogle Maps\u201c der Google LLC (1600 Amphitheatre Parkway, Mountain View, CA 94043 USA) handelt. N\u00e4here Informationen dazu, welche Daten von der Google LLC bei Aufruf und Nutzung von Google Maps verarbeitet werden und welche Bedingungen die Google LLC f\u00fcr die Nutzung dieses Produkts stellt, entnehmen Sie bitte der \u201eDatenschutzerkl\u00e4rung von Google\u201c und den \u201eZus\u00e4tzlichen Nutzungsbedingungen f\u00fcr Google Maps\/Google Earth\u201c der Google LLC.<\/p>\n<p><strong>6. Betroffenenrechte<\/strong><br \/>\nSie haben als von der Datenverarbeitung durch uns Betroffener das Recht:<br \/>\na. gem\u00e4\u00df Art. 15 DSGVO Auskunft \u00fcber Ihre von uns verarbeiteten personenbezogenen Daten zu verlangen. Insbesondere k\u00f6nnen Sie Auskunft \u00fcber die Verarbeitungszwecke, die Kategorie(n) der personenbezogenen Daten, die Kategorien von Empf\u00e4ngern, gegen\u00fcber denen Ihre Daten offengelegt wurden oder werden, \u00fcber die geplante Speicherdauer, das Bestehen eines Rechts auf Berichtigung, L\u00f6schung, Einschr\u00e4nkung der Verarbeitung oder Widerspruch, \u00fcber das Bestehen eines Beschwerderechts, die Herkunft ihrer Daten, sofern diese nicht bei uns erhoben wurden, sowie \u00fcber das Bestehen einer automatisierten Entscheidungsfindung (einschlie\u00dflich \u201eProfiling\u201c) und gegebenenfalls aussagekr\u00e4ftigen Informationen zu deren Einzelheiten verlangen;<br \/>\nb. gem\u00e4\u00df Art. 16 DSGVO unverz\u00fcglich die Berichtigung oder Vervollst\u00e4ndigung Ihrer bei uns gespeicherten personenbezogenen Daten zu verlangen;<br \/>\nc. gem\u00e4\u00df Art. 17 DSGVO die L\u00f6schung Ihrer bei uns gespeicherten personenbezogenen Daten zu verlangen, soweit nicht die Verarbeitung zur Aus\u00fcbung des Rechts auf freie Meinungs\u00e4u\u00dferung und Information, zur Erf\u00fcllung einer rechtlichen Verpflichtung, aus Gr\u00fcnden des \u00f6ffentlichen Interesses oder zur Geltendmachung, Aus\u00fcbung oder Verteidigung von Rechten erforderlich ist;<br \/>\nd. gem\u00e4\u00df Art. 18 DSGVO die Einschr\u00e4nkung der Verarbeitung Ihrer personenbezogenen Daten zu verlangen, soweit<br \/>\n&#8211; Sie deren Richtigkeit bestreiten, und zwar f\u00fcr eine Dauer, die es uns erm\u00f6glicht, die Richtigkeit der betreffenden Daten zu \u00fcberpr\u00fcfen,<br \/>\n&#8211; die Verarbeitung unrechtm\u00e4\u00dfig ist und Sie die L\u00f6schung der betreffenden Daten ablehnen;<br \/>\n&#8211; wir diese f\u00fcr die Zwecke der Verarbeitung nicht l\u00e4nger ben\u00f6tigen, Sie sie jedoch zur Geltendmachung, Aus\u00fcbung oder Verteidigung von Rechtsanspr\u00fcchen ben\u00f6tigen, oder<br \/>\n&#8211; Sie Widerspruch gegen die Verarbeitung gem\u00e4\u00df Art. 21 Abs. 1 DSGVO eingelegt haben, und zwar solange noch nicht feststeht, ob Ihre berechtigten Interessen in dem Fall unsere berechtigten Gr\u00fcnden \u00fcberwiegen.<br \/>\ne. gem\u00e4\u00df Art. 20 DSGVO Ihre personenbezogenen Daten, die Sie uns bereitgestellt haben, in einem strukturierten, g\u00e4ngigen und maschinenlesebaren Format zu erhalten oder die \u00dcbermittlung an einen anderen Verantwortlichen zu verlangen;<br \/>\nf. gem\u00e4\u00df Art. 7 Abs. 3 DSGVO Ihre einmal erteilte Einwilligung jederzeit gegen\u00fcber uns zu widerrufen. Dies hat zur Folge, dass wir die Datenverarbeitung, die auf dieser Einwilligung beruhte, f\u00fcr die Zukunft nicht mehr fortf\u00fchren d\u00fcrfen und<br \/>\ng. gem\u00e4\u00df Art. 77 DSGVO sich bei einer Aufsichtsbeh\u00f6rde zu beschweren. In der Regel k\u00f6nnen Sie sich hierf\u00fcr an die Aufsichtsbeh\u00f6rde Ihres \u00fcblichen Aufenthaltsortes oder Arbeitsplatzes oder unseres Kanzleisitzes wenden.<\/p>\n<p><strong>7. Widerspruchsrecht<\/strong><br \/>\nSoweit Ihre personenbezogenen Daten gem\u00e4\u00df Art. 6 Abs. 1 S. 1 lit. f DSGVO auf Grundlage berechtigter Interessen verarbeitet werden, haben Sie das Recht, gem\u00e4\u00df Art. 21 DSGVO Widerspruch gegen die Verarbeitung Ihrer betreffenden Daten einzulegen, soweit daf\u00fcr Gr\u00fcnde vorliegen, die sich aus Ihrer besonderen Situation ergeben oder sich der Widerspruch gegen Direktwerbung richtet. Im letzteren Fall haben Sie ein generelles Widerspruchsrecht, das ohne Angabe einer besonderen Situation von uns umgesetzt wird.<\/p>\n<p>M\u00f6chten Sie von Ihrem Widerrufs- oder Widerspruchsrecht Gebrauch machen, gen\u00fcgt eine E-Mail an unseren Datenschutzbeauftragten (s.o. unter Ziffer 1) oder an <a href=\"&#109;&#x61;&#105;&#x6c;&#116;&#x6f;&#58;&#x6b;&#97;&#x6e;&#122;&#x6c;&#101;&#x69;&#64;&#x33;&#115;&#x2d;&#112;&#x2e;&#100;&#x65;\">&#107;&#x61;&#x6e;&#122;&#x6c;&#x65;&#105;&#x40;&#x33;&#115;&#x2d;&#x70;&#46;&#x64;&#x65;<\/a>.<\/p>\n<p><strong>8. Datensicherheit<\/strong><br \/>\nWir verwenden innerhalb des Website-Besuchs das verbreitete \u201eSSL\u201c-Verfahren (Secure Socket Layer) in Verbindung mit der jeweils h\u00f6chsten Verschl\u00fcsselungsstufe, die von Ihrem Browser unterst\u00fctzt wird. In der Regel handelt es sich dabei um eine 256 Bit Verschl\u00fcsselung, falls Ihr Browser keine 256-Bit Verschl\u00fcsselung unterst\u00fctzt, greifen wir stattdessen auf 128-Bit v3 Technologie zur\u00fcck. Ob eine einzelne Seite unseres Internetauftrittes verschl\u00fcsselt \u00fcbertragen wird, erkennen Sie an der geschlossenen Darstellung des Sch\u00fcssel- beziehungsweise Schloss-Symbols in der unteren Statusleiste Ihres Browsers.<br \/>\nWir bedienen uns im \u00dcbrigen geeigneter technischer und organisatorischer Sicherheitsma\u00dfnahmen, um Ihre Daten gegen zuf\u00e4llige oder vors\u00e4tzliche Manipulationen, teilweisen oder vollst\u00e4ndigen Verlust, Zerst\u00f6rung oder gegen den unbefugten Zugriff Dritter zu sch\u00fctzen. Unsere Sicherheitsma\u00dfnahmen werden entsprechend der technologischen Entwicklung fortlaufend verbessert. Wir m\u00fcssen jedoch darauf hinweisen, dass die Daten\u00fcbertragung im Internet (z.B. bei der Kommunikation per E-Mail oder der Verwendung unseres Kontaktformulars) Sicherheitsl\u00fccken aufweisen kann. Ein absoluter Schutz von \u00fcber das Internet \u00fcbermittelten Daten vor dem Zugriff durch Dritte ist nicht m\u00f6glich.<\/p>\n<p><strong>9. Aktualit\u00e4t und \u00c4nderung dieser Datenschutzerkl\u00e4rung<\/strong><br \/>\nDiese Datenschutzerkl\u00e4rung ist aktuell g\u00fcltig und hat den Stand Mai 2018.<br \/>\nDurch eine Weiterentwicklung unserer Website und dort angebotener Funktionen oder aufgrund ge\u00e4nderter gesetzlicher oder beh\u00f6rdlicher Vorgaben kann es notwendig werden, diese Datenschutzerkl\u00e4rung zu \u00e4ndern. Die jeweils aktuelle Datenschutzerkl\u00e4rung kann jederzeit auf der Website unter https:\/\/www.3s-p.de\/datenschutz von Ihnen abgerufen und ausgedruckt werden.<\/p>\n<p>Stand: Mai 2018[\/vc_column_text][\/vc_column][\/vc_row]<\/p>\n<\/div>","protected":false},"excerpt":{"rendered":"<p>[vc_row][vc_column][vc_single_image image=&#8221;273&#8243; img_size=&#8221;full&#8221; el_class=&#8221;impressum_bild&#8221;][\/vc_column][\/vc_row][vc_row el_class=&#8221;impressum&#8221;][vc_column width=&#8221;1\/4&#8243; el_class=&#8221;spalte_impressum1&#8243;][\/vc_column][vc_column width=&#8221;3\/4&#8243; el_class=&#8221;spalte_impressum2&#8243;][vc_column_text] Datenschutzinformationen f\u00fcr die Nutzung der Website www.3s-p.de 1. Name und Kontaktdaten des f\u00fcr die Verarbeitung Verantwortlichen sowie des betrieblichen Datenschutzbeauftragten Diese Datenschutzinformationen gelten f\u00fcr die Datenverarbeitung durch: Spie\u00df Schumacher Schmieg &amp; Partner Rechtsanw\u00e4lte mbB (Verantwortlicher i. S .d. \u201eDatenschutz-Grundverordnung\u201c (DSGVO), im Folgenden \u201eSpie\u00df Schumacher Schmieg &amp;  [&#8230;]<\/p>\n","protected":false},"author":1,"featured_media":0,"parent":0,"menu_order":0,"comment_status":"closed","ping_status":"closed","template":"","meta":{"footnotes":""},"class_list":["post-1542","page","type-page","status-publish","hentry"],"_links":{"self":[{"href":"https:\/\/www.3s-p.de\/en\/wp-json\/wp\/v2\/pages\/1542","targetHints":{"allow":["GET"]}}],"collection":[{"href":"https:\/\/www.3s-p.de\/en\/wp-json\/wp\/v2\/pages"}],"about":[{"href":"https:\/\/www.3s-p.de\/en\/wp-json\/wp\/v2\/types\/page"}],"author":[{"embeddable":true,"href":"https:\/\/www.3s-p.de\/en\/wp-json\/wp\/v2\/users\/1"}],"replies":[{"embeddable":true,"href":"https:\/\/www.3s-p.de\/en\/wp-json\/wp\/v2\/comments?post=1542"}],"version-history":[{"count":7,"href":"https:\/\/www.3s-p.de\/en\/wp-json\/wp\/v2\/pages\/1542\/revisions"}],"predecessor-version":[{"id":1597,"href":"https:\/\/www.3s-p.de\/en\/wp-json\/wp\/v2\/pages\/1542\/revisions\/1597"}],"wp:attachment":[{"href":"https:\/\/www.3s-p.de\/en\/wp-json\/wp\/v2\/media?parent=1542"}],"curies":[{"name":"wp","href":"https:\/\/api.w.org\/{rel}","templated":true}]}}